{"id":87,"date":"2024-09-05T12:20:25","date_gmt":"2024-09-05T12:20:25","guid":{"rendered":"https:\/\/psa-360.de\/?page_id=87"},"modified":"2024-09-05T12:57:34","modified_gmt":"2024-09-05T12:57:34","slug":"datenschutz-lieferanten","status":"publish","type":"page","link":"https:\/\/psa-360.de\/index.php\/datenschutz-lieferanten\/","title":{"rendered":"Datenschutz Lieferanten"},"content":{"rendered":"<div class=\"flex_column av-9ekqy-38ccfacb650d9625f4b5bf0b6c3c7cd8 av_one_full avia-builder-el-1 el_after_av_slideshow_full el_before_av_textblock avia-builder-el-first first flex_column_div av-zero-column-padding \">\n<section class=\"av_textblock_section av-jz1u2fpn-1ab69b5932326298c18a30e5dd10363f\">\n<div class=\"avia_textblock\">\n<h1>Datenschutzhinweise f\u00fcr<\/h1>\n<h1>Lieferanten, Kunden und Interessenten<\/h1>\n<\/div>\n<\/section>\n<\/div>\n<section class=\"av_textblock_section av-9wbmy-db5189058947698d621f8d66f33e2732\">\n<div class=\"avia_textblock\">\n<p>Hinweise zum Datenschutz \u00fcber unsere Verarbeitung von Lieferanten-, Kunden- und\u00a0Interessentendaten nach Artikel 13, 14 und 21 der Datenschutzgrundverordnung (DSGVO)<br \/>\nPSA 360 Solutions GmbH<\/p>\n<p>Liebe Lieferantin, Lieber Lieferant, Liebe Kundin, lieber Kunde, liebe Interessentin, lieber Interessent,<br \/>\ngem\u00e4\u00df den Vorgaben der Art. 13, 14 und 21 der Datenschutz-Grundverordnung (DSGVO) informieren\u00a0wir Sie hiermit \u00fcber die Verarbeitung der \u00fcber Sie erhobenen personenbezogenen Daten sowie Ihre\u00a0diesbez\u00fcglichen datenschutzrechtlichen Rechte. Welche Daten im Einzelnen verarbeitet und in\u00a0welcher Weise genutzt werden, richtet sich ma\u00dfgeblich nach den angefragten bzw. vereinbarten\u00a0Leistungen. Um zu gew\u00e4hrleisten, dass Sie in vollem Umfang \u00fcber die Verarbeitung Ihrer\u00a0personenbezogenen Daten im Rahmen der Erf\u00fcllung eines Vertrags oder der Durchf\u00fchrung\u00a0vorvertraglicher Ma\u00dfnahmen informiert sind, nehmen Sie bitte nachstehende Information zu\u00a0Kenntnis.<\/p>\n<h4>1. Verantwortliche Stelle im Sinne des Datenschutzrechts<\/h4>\n<p>PSA 360 Solutions GmbH<br \/>\nAlemannenstr. 13<br \/>\n14129 Berlin<br \/>\n+49 30 820086-0<br \/>\ng.sieloff@psa-sec.de<br \/>\n<a href=\"https:\/\/www.psa-sec.de\/\">https:\/\/www.psa-360.de<\/a><\/p>\n<h4>2. Kontaktdaten unseres Datenschutzbeauftragten<\/h4>\n<p>LCube \u2013 Datenschutz &amp; IT-Sicherheit e.K.<br \/>\nLars Laehn<br \/>\ndatenschutz@lcube.de<\/p>\n<h4>3. Zwecke und Rechtsgrundladen der Verarbeitung<\/h4>\n<p>Wir verarbeiten Ihre personenbezogenen Daten im Einklang mit den Bestimmungen der<br \/>\neurop\u00e4ischen Datenschutz-Grundverordnung (EU-DSGVO) und dem Bundesdatenschutzgesetz\u00a0(BDSG), sofern diese f\u00fcr eine Vertragsbegr\u00fcndung, -durchf\u00fchrung, -erf\u00fcllung sowie zur Durchf\u00fchrung\u00a0vorvertraglicher Ma\u00dfnahmen erforderlich sind. Soweit zur Anbahnung oder Durchf\u00fchrung eines\u00a0Vertragsverh\u00e4ltnisses oder im Rahmen der Durchf\u00fchrung vorvertraglicher Ma\u00dfnahmen die Angabe\u00a0personenbezogener Daten erforderlich ist, ist eine Verarbeitung gem\u00e4\u00df Art. 6 Abs. 1 lit. b DSGVO\u00a0rechtm\u00e4\u00dfig.\u00a0Erteilen Sie uns eine ausdr\u00fcckliche Einwilligung zur Verarbeitung von personenbezogenen Daten f\u00fcr\u00a0bestimmte Zwecke (z. B. Weitergabe an Dritte, Auswertung f\u00fcr Marketingzwecke oder werbliche\u00a0Ansprache), ist die Rechtm\u00e4\u00dfigkeit dieser Verarbeitung auf Basis Ihrer Einwilligung nach Art. 6 Abs. 1\u00a0lit. a DSGVO gegeben. Eine erteilte Einwilligung kann jederzeit, mit Wirkung f\u00fcr die Zukunft,\u00a0widerrufen werden (s. Ziffer 9 dieser Datenschutzinformation).<br \/>\nSofern erforderlich und gesetzlich zul\u00e4ssig, verarbeiten wir Ihre Daten \u00fcber die eigentlichen\u00a0Vertragszwecke hinaus zur Erf\u00fcllung rechtlicher Verpflichtungen gem\u00e4\u00df Art. 6 Abs. 1 lit. c DSGVO.<br \/>\nDar\u00fcber hinaus erfolgt eine Verarbeitung ggf. zur Wahrung berechtigter Interessen von uns oder\u00a0Dritten gem\u00e4\u00df Art. 6 Abs. 1 lit. f DSGVO. Gegebenenfalls werden wir Sie unter Angabe des\u00a0berechtigten Interesses gesondert informieren, soweit dies gesetzlich vorgegeben ist.<\/p>\n<h4>4. Kategorien personenbezogener Daten<\/h4>\n<p>Wir verarbeiten nur solche Daten, die mit der Vertragsbegr\u00fcndung bzw. den vorvertraglichen\u00a0Ma\u00dfnahmen in Zusammenhang stehen. Dies k\u00f6nnen allgemeine Daten zu Ihrer Person bzw.\u00a0Personen Ihres Unternehmens (Name, Anschrift, Kontaktdaten etc.) sowie ggf. weitere Daten sein,\u00a0die Sie uns im Rahmen der Begr\u00fcndung des Vertrags \u00fcbermitteln.<\/p>\n<h4>5. Quellen der Daten<\/h4>\n<p>Wir verarbeiten personenbezogene Daten, die wir im Rahmen der Kontaktaufnahme bzw. der\u00a0Begr\u00fcndung eines Vertragsverh\u00e4ltnisses oder im Rahmen vorvertraglicher Ma\u00dfnahmen von Ihnen\u00a0erhalten.<\/p>\n<h4>6. Empf\u00e4nger der Daten<\/h4>\n<p>Wir geben Ihre personenbezogenen Daten innerhalb unseres Unternehmens ausschlie\u00dflich an die\u00a0Bereiche und Personen weiter, die diese Daten zur Erf\u00fcllung der vertraglichen und gesetzlichen\u00a0Pflichten bzw. zur Umsetzung unseres berechtigten Interesses ben\u00f6tigen.\u00a0Wir k\u00f6nnen Ihre personenbezogenen Daten an mit uns verbundene Unternehmen \u00fcbermitteln, soweit dies im Rahmen der unter Ziffer 3 dieses Datenschutzinformationsblatts dargelegten Zwecke\u00a0und Rechtsgrundlagen zul\u00e4ssig ist.<br \/>\nIhre personenbezogenen Daten werden in unserem Auftrag auf Basis von\u00a0Auftragsverarbeitungsvertr\u00e4gen nach Art. 28 DSGVO verarbeitet. In diesen F\u00e4llen stellen wir sicher,\u00a0dass die Verarbeitung von personenbezogenen Daten im Einklang mit den Bestimmungen der DSGVO\u00a0erfolgt. Die Kategorien von Empf\u00e4ngern sind in diesem Fall Anbieter von Internetdienstanbieter\u00a0sowie Anbieter von Lieferanten \/Kundenmanagementsystemen und -software.<\/p>\n<p>Eine Datenweitergabe an Empf\u00e4nger au\u00dferhalb des Unternehmens erfolgt ansonsten nur, soweit\u00a0gesetzliche Bestimmungen dies erlauben oder gebieten, die Weitergabe zur Abwicklung und somit\u00a0zur Erf\u00fcllung des Vertrages oder, auf Ihren Antrag hin, zur Durchf\u00fchrung von vorvertraglichen\u00a0Ma\u00dfnahmen erforderlich ist, uns Ihre Einwilligung vorliegt oder wir zur Erteilung einer Auskunft\u00a0befugt sind. Unter diesen Voraussetzungen k\u00f6nnen Empf\u00e4nger personenbezogener Daten z. B. sein:<\/p>\n<ul>\n<li>\u00d6ffentliche Stellen und Institutionen (z. B. Staatsanwaltschaft, Polizei, Aufsichtsbeh\u00f6rden,\u00a0Finanzamt) bei Vorliegen einer gesetzlichen oder beh\u00f6rdlichen Verpflichtung,<\/li>\n<\/ul>\n<h4>7. \u00dcbermittlung in ein Drittland<\/h4>\n<p>Eine \u00dcbermittlung in ein Drittland ist nicht beabsichtigt. Eine \u00dcbermittlung von personenbezogenen\u00a0Daten in L\u00e4nder au\u00dferhalb des EWR (Europ\u00e4ischer Wirtschaftsraum) oder an eine internationale\u00a0Organisation findet nur statt, soweit dies zur Abwicklung und somit zur Erf\u00fcllung des Vertrages oder,\u00a0auf Ihren Antrag hin, zur Durchf\u00fchrung von vorvertraglichen Ma\u00dfnahmen erforderlich ist, die\u00a0Weitergabe gesetzlich vorgeschrieben ist oder Sie uns eine Einwilligung erteilt haben.<\/p>\n<h4>8. Dauer der Datenspeicherung<\/h4>\n<p>Soweit erforderlich verarbeiten und speichern wir Ihre personenbezogenen Daten f\u00fcr die Dauer\u00a0unserer Gesch\u00e4ftsbeziehung bzw. zur Erf\u00fcllung vertraglicher Zwecke. Dies umfasst u. a. auch die\u00a0Anbahnung und die Abwicklung eines Vertrages.<br \/>\nDar\u00fcber hinaus unterliegen wir verschiedenen Aufbewahrungs- und Dokumentationspflichten, die\u00a0sich unter anderem aus dem Handelsgesetzbuch (HGB) und der Abgabenordnung (AO) ergeben. Die\u00a0dort vorgeschriebenen Fristen zur Aufbewahrung bzw. Dokumentation betragen zwei bis zehn Jahre.<\/p>\n<p>Schlie\u00dflich richtet sich die Speicherdauer auch nach den gesetzlichen Verj\u00e4hrungsfristen, die z. B.\u00a0nach den \u00a7\u00a7 195 ff. des B\u00fcrgerlichen Gesetzbuches (BGB) in der Regel drei Jahre, in gewissen F\u00e4llen\u00a0aber auch bis zu drei\u00dfig Jahre betragen k\u00f6nnen.<\/p>\n<h4>9. Ihre Rechte<\/h4>\n<p>Jede betroffene Person hat das Recht auf Auskunft nach Art. 15 DSGVO, das Recht auf Berichtigung\u00a0nach Art. 16 DSGVO, das Recht auf L\u00f6schung nach Art. 17 DSGVO, das Recht auf Einschr\u00e4nkung der\u00a0Verarbeitung nach Art. 18 DSGVO, das Recht auf Mitteilung nach Art. 19 DSGVO sowie das Recht auf\u00a0Daten\u00fcbertragbarkeit nach Art. 20 DSGVO.<br \/>\nDar\u00fcber hinaus besteht ein Beschwerderecht bei einer Datenschutzaufsichtsbeh\u00f6rde nach Art. 77\u00a0DSGVO, wenn Sie der Ansicht sind, dass die Verarbeitung Ihrer personenbezogenen Daten nicht\u00a0rechtm\u00e4\u00dfig erfolgt. Das Beschwerderecht besteht unbeschadet eines anderweitigen\u00a0verwaltungsrechtlichen oder gerichtlichen Rechtsbehelfs.<br \/>\nSofern die Verarbeitung von Daten auf Grundlage Ihrer Einwilligung erfolgt, sind Sie nach Art. 7\u00a0DSGVO berechtigt, die Einwilligung in die Verwendung Ihrer personenbezogenen Daten jederzeit zu\u00a0widerrufen. Bitte beachten Sie, dass der Widerruf erst f\u00fcr die Zukunft wirkt. Verarbeitungen, die vor\u00a0dem Widerruf erfolgt sind, sind davon nicht betroffen. Bitte beachten Sie zudem, dass wir bestimmte\u00a0Daten f\u00fcr die Erf\u00fcllung gesetzlicher Vorgaben ggf. f\u00fcr einen bestimmten Zeitraum aufbewahren\u00a0m\u00fcssen (s. Ziffer 8 dieser Datenschutzinformation).<\/p>\n<h5>Widerspruchsrecht<\/h5>\n<p>Soweit die Verarbeitung Ihre personenbezogenen Daten nach Art. 6 Abs 1 lit. f DSGVO zur Wahrung\u00a0berechtigter Interessen erfolgt, haben Sie gem\u00e4\u00df Art. 21 DSGVO das Recht, aus Gr\u00fcnden, die sich\u00a0aus Ihrer besonderen Situation ergeben, jederzeit Widerspruch gegen die Verarbeitung dieser\u00a0Daten einzulegen. Wir verarbeiten diese personenbezogenen Daten dann nicht mehr, es sei denn,\u00a0wir k\u00f6nnen zwingende schutzw\u00fcrdige Gr\u00fcnde f\u00fcr die Verarbeitung nachweisen. Diese m\u00fcssen Ihre\u00a0Interessen, Rechte und Freiheiten \u00fcberwiegen, oder die Verarbeitung muss der Geltendmachung,\u00a0Aus\u00fcbung oder Verteidigung von Rechtsanspr\u00fcchen dienen.<br \/>\nIn Einzelf\u00e4llen verarbeiten wir Ihre personenbezogenen Daten, um Direktwerbung zu betreiben. Sie\u00a0haben das Recht, jederzeit Widerspruch gegen die Verarbeitung zum Zwecke derartiger Werbung\u00a0einzulegen. Dies gilt auch f\u00fcr das Profiling, soweit es mit dieser Direktwerbung in Verbindung steht.<br \/>\nWidersprechen Sie der Verarbeitung zum Zwecke von Direktwerbung, werden wir Ihre<br \/>\npersonenbezogenen Daten nicht weiter f\u00fcr diese Zwecke verarbeiten.<br \/>\nZur Wahrung Ihrer Rechte k\u00f6nnen Sie uns gerne kontaktieren.<\/p>\n<h4>10. Erforderlichkeit der Bereitstellung personenbezogener Daten<\/h4>\n<p>Die Bereitstellung personenbezogener Daten zur Vertragsbegr\u00fcndung, -durchf\u00fchrung, -erf\u00fcllung\u00a0oder zur Durchf\u00fchrung vorvertraglicher Ma\u00dfnahmen ist in der Regel weder gesetzlich noch\u00a0vertraglich vorgeschrieben. Sie sind somit nicht verpflichtet, Angaben zu personenbezogenen Daten\u00a0zu machen. Bitte beachten Sie jedoch, dass diese f\u00fcr die Entscheidung \u00fcber einen Vertragsabschluss,\u00a0die Vertragserf\u00fcllung oder f\u00fcr vorvertragliche Ma\u00dfnahmen in der Regel erforderlich sind. Soweit Sie\u00a0uns keine personenbezogenen Daten bereitstellen, k\u00f6nnen wir ggf. keine Entscheidung im Rahmen vertraglicher Ma\u00dfnahmen treffen. Wir empfehlen, immer nur solche personenbezogenen Daten\u00a0anzugeben, die f\u00fcr den Vertragsschluss, die Vertragserf\u00fcllung bzw. vorvertragliche Ma\u00dfnahmen\u00a0erforderlich sind.<\/p>\n<h4>11. Automatisierte Entscheidungsfindung<\/h4>\n<p>Zur Begr\u00fcndung, Erf\u00fcllung oder Durchf\u00fchrung der Gesch\u00e4ftsbeziehung sowie f\u00fcr vorvertragliche\u00a0Ma\u00dfnahmen nutzen wir grunds\u00e4tzlich keine vollautomatisierte Entscheidungsfindung gem\u00e4\u00df Art. 22\u00a0DSGVO. Sollten wir diese Verfahren in Einzelf\u00e4llen einsetzen, werden wir Sie hier\u00fcber gesondert\u00a0informieren bzw. Ihre Einwilligung einholen, sofern dies gesetzlich vorgegeben ist.<\/p>\n<\/div>\n<\/section>\n","protected":false},"excerpt":{"rendered":"<p>Datenschutzhinweise f\u00fcr Lieferanten, Kunden und Interessenten Hinweise zum Datenschutz \u00fcber unsere Verarbeitung von Lieferanten-, Kunden- und\u00a0Interessentendaten nach Artikel 13, 14 und 21 der Datenschutzgrundverordnung (DSGVO) PSA 360 Solutions GmbH Liebe Lieferantin, Lieber Lieferant, Liebe Kundin, lieber Kunde, liebe Interessentin, lieber Interessent, gem\u00e4\u00df den Vorgaben der Art. 13, 14 und 21 der Datenschutz-Grundverordnung (DSGVO) informieren\u00a0wir Sie [&hellip;]<\/p>\n","protected":false},"author":2,"featured_media":0,"parent":0,"menu_order":0,"comment_status":"closed","ping_status":"closed","template":"","meta":{"_et_pb_use_builder":"","_et_pb_old_content":"","_et_gb_content_width":"","footnotes":""},"class_list":["post-87","page","type-page","status-publish","hentry"],"_links":{"self":[{"href":"https:\/\/psa-360.de\/index.php\/wp-json\/wp\/v2\/pages\/87","targetHints":{"allow":["GET"]}}],"collection":[{"href":"https:\/\/psa-360.de\/index.php\/wp-json\/wp\/v2\/pages"}],"about":[{"href":"https:\/\/psa-360.de\/index.php\/wp-json\/wp\/v2\/types\/page"}],"author":[{"embeddable":true,"href":"https:\/\/psa-360.de\/index.php\/wp-json\/wp\/v2\/users\/2"}],"replies":[{"embeddable":true,"href":"https:\/\/psa-360.de\/index.php\/wp-json\/wp\/v2\/comments?post=87"}],"version-history":[{"count":4,"href":"https:\/\/psa-360.de\/index.php\/wp-json\/wp\/v2\/pages\/87\/revisions"}],"predecessor-version":[{"id":111,"href":"https:\/\/psa-360.de\/index.php\/wp-json\/wp\/v2\/pages\/87\/revisions\/111"}],"wp:attachment":[{"href":"https:\/\/psa-360.de\/index.php\/wp-json\/wp\/v2\/media?parent=87"}],"curies":[{"name":"wp","href":"https:\/\/api.w.org\/{rel}","templated":true}]}}